{"id":1378,"date":"2018-08-21T11:29:36","date_gmt":"2018-08-21T11:29:36","guid":{"rendered":"https:\/\/josemorito.com\/arquitecto-tecnico\/"},"modified":"2024-04-23T13:17:08","modified_gmt":"2024-04-23T11:17:08","slug":"arquitecto-tecnico","status":"publish","type":"page","link":"https:\/\/josemorito.com\/en\/","title":{"rendered":"Home"},"content":{"rendered":"<div class=\"wpb-content-wrapper\"><p>[vc_row][vc_column]\n    <div\n            class=\"pp-scrollable text-white section section-1   \"  >\n        <div class=\"scroll-wrap\">\n\n\t\t\t                <div class=\"section-bg\" style=\"background-image:url(https:\/\/josemorito.com\/wp-content\/uploads\/2018\/06\/moritocabecera3.jpg);\"><\/div>\n\t\t\t\t\n            <div class=\"scrollable-content\">\n                <div class=\"vertical-centred\">\n                    <div class=\"boxed boxed-inner\">\n                        <div\n                                class=\"vertical-title hidden-xs hidden-sm\"><span>Empresas, particulares e instituciones<\/span><\/div>\n                        <div class=\"boxed\">\n                            <div class=\"container\">\n                                <div class=\"intro\">\n                                    <div class=\"row\">\n                                        <div class=\"col-md-8 col-lg-6\">\n                                            <p class=\"subtitle-top\">De la concepci\u00f3n a la culminaci\u00f3n: Arquitectura \u00fanica con precisi\u00f3n t\u00e9cnica.<\/p>\n                                            <h1 class=\"display-2 text-white\"><p><span class=\"text-primary\">TECHNICAL ARCHITECT<\/span><br \/>\nIN MARBELLA<\/p>\n<\/h1>\n                                            <div class=\"hr-bottom\"><\/div>\n                                        <\/div>\n                                    <\/div>\n                                <\/div>\n                            <\/div>\n                        <\/div>\n                    <\/div>\n                <\/div>\n            <\/div>\n        <\/div>\n    <\/div>\n\n\t\n\n    <div\n            class=\"pp-scrollable section section-2   \"  id=\"ayudashome\"   >\n        <div class=\"scroll-wrap\">\n            <div class=\"scrollable-content\">\n                <div class=\"vertical-centred\">\n                    <div class=\"boxed boxed-inner\">\n                        <div\n                                class=\"vertical-title text-dark hidden-xs hidden-sm\"><span>\u00bfEn qu\u00e9 puedo ayudarte?<\/span><\/div>\n                        <div class=\"boxed\">\n                            <div class=\"container\">\n                                <div class=\"intro\">\n                                    <div class=\"row\">\n                                        <div class=\"col-md-5 col-lg-5\">\n                                            <p class=\"subtitle-top text-dark\">Asesor\u00eda y\/o consultor\u00eda para todo tipo de proyectos de edificaci\u00f3n y construcci\u00f3n<\/p>\n                                            <h2 class=\"title-uppercase\"><\/p>\n<div style=\"text-align: left;\">ADVISORY AND CONSULTING SERVICES<\/div>\n<div style=\"text-align: left;\">OF TECHNICAL ARCHITECTURE<\/div>\n<div style=\"text-align: left;\"><\/div>\n<p><\/h2>\n                                            <ul class=\"service-list\">\n\t\t\t\t\t\t\t\t\t\t\t\t                                                        <li><a href=\"https:\/\/josemorito.com\/quien-soy\/\">Te invito a conocerme mejor<\/a><\/li>\n\n\t\t\t\t\t\t\t\t\t\t\t\t\t                                            <\/ul>\n                                        <\/div>\n                                        <div class=\"col-md-6 col-lg-5 col-md-offset-1 col-lg-offset-2\">\n                                            <div class=\"dots-image-2\">\n\n\t\t\t\t\t\t\t\t\t\t\t\t                                                    <img decoding=\"async\" alt=\"\" class=\"img-responsive\" src=\"https:\/\/josemorito.com\/wp-content\/uploads\/2017\/04\/1-470x490.jpg\" title=\"\">\n\t\t\t\t\t\t\t\t\t\t\t\t\t\n                                                <div class=\"dots\"><\/div>\n                                                <div class=\"experience-info\">\n                                                    <div class=\"number\">15<\/div>\n                                                    <div\n                                                            class=\"text\">A\u00f1os de EXPERIENCIA<\/div>\n                                                <\/div>\n                                            <\/div>\n                                        <\/div>\n                                    <\/div>\n                                <\/div>\n                            <\/div>\n                        <\/div>\n                    <\/div>\n                <\/div>\n            <\/div>\n        <\/div>\n    <\/div>\n\n\t<div class=\"pp-scrollable text-white section section-3  \"  id=\"servicioshome\"   >\n    <div class=\"scroll-wrap\">\n    <div class=\"bg-changer\">\n\t\n                <div class=\"section-bg\" style=\"background-image:url(https:\/\/josemorito.com\/wp-content\/uploads\/2018\/06\/servicio-3-home.jpg);\"><\/div>\n\t\t\t\n                <div class=\"section-bg\" style=\"background-image:url(https:\/\/josemorito.com\/wp-content\/uploads\/2018\/06\/servicio-7-home.jpg);\"><\/div>\n\t\t\t\n                <div class=\"section-bg\" style=\"background-image:url(https:\/\/josemorito.com\/wp-content\/uploads\/2018\/06\/servicio-6-home.jpg);\"><\/div>\n\t\t\t\n                <div class=\"section-bg\" style=\"background-image:url(https:\/\/josemorito.com\/wp-content\/uploads\/2018\/06\/servicio-5-home.jpg);\"><\/div>\n\t\t\t\n                <div class=\"section-bg\" style=\"background-image:url(https:\/\/josemorito.com\/wp-content\/uploads\/2018\/06\/servicio-4-home.jpg);\"><\/div>\n\t\t\t\n                <div class=\"section-bg\" style=\"background-image:url(https:\/\/josemorito.com\/wp-content\/uploads\/2018\/06\/servicio-8-home.jpg);\"><\/div>\n\t\t\t        <\/div>\n        <div class=\"scrollable-content\">\n            <div class=\"vertical-centred\">\n                <div class=\"boxed boxed-inner\">\n                    <div class=\"vertical-title hidden-xs hidden-sm\"><span>SERVICIOS<\/span><\/div>\n                    <div class=\"boxed\">\n                        <div class=\"container\">\n                            <div class=\"intro\">\n                                <div class=\"row\">\n                                    <div class=\"col-md-12\">\n                                        <h2 class=\"title-uppercase text-white\"><\/h2>\n                                        <div class=\"row-project-box row\">\n\t\t\t\t\t\t\t\t\t\t\t\n                                                    <div class=\"col-project-box col-sm-6 col-md-4 col-lg-3\">\n                                                        <a href=\"https:\/\/josemorito.com\/direccion-obra-malaga\/\" class=\"project-box\">\n                                                            <div class=\"project-box-inner\">\n                                                                <h5>CONTROL DE EJECUCI\u00d3N DE OBRAS<\/h5>\n                                                                <div\n                                                                        class=\"project-category\"><\/div>\n                                                            <\/div>\n                                                        <\/a>\n                                                    <\/div>\n\n\t\t\t\t\t\t\t\t\t\t\t\t\n                                                    <div class=\"col-project-box col-sm-6 col-md-4 col-lg-3\">\n                                                        <a href=\"https:\/\/josemorito.com\/informes-tecnicos\/\" class=\"project-box\">\n                                                            <div class=\"project-box-inner\">\n                                                                <h5>INFORMES T\u00c9CNICOS<\/h5>\n                                                                <div\n                                                                        class=\"project-category\"><\/div>\n                                                            <\/div>\n                                                        <\/a>\n                                                    <\/div>\n\n\t\t\t\t\t\t\t\t\t\t\t\t\n                                                    <div class=\"col-project-box col-sm-6 col-md-4 col-lg-3\">\n                                                        <a href=\"https:\/\/josemorito.com\/asesoramiento-urbanistico\/\" class=\"project-box\">\n                                                            <div class=\"project-box-inner\">\n                                                                <h5>ASESORAMIENTO URBAN\u00cdSTICO<\/h5>\n                                                                <div\n                                                                        class=\"project-category\"><\/div>\n                                                            <\/div>\n                                                        <\/a>\n                                                    <\/div>\n\n\t\t\t\t\t\t\t\t\t\t\t\t\n                                                    <div class=\"col-project-box col-sm-6 col-md-4 col-lg-3\">\n                                                        <a href=\"https:\/\/josemorito.com\/licencias-de-aperturas\/\" class=\"project-box\">\n                                                            <div class=\"project-box-inner\">\n                                                                <h5>LICENCIA DE APERTURAS<\/h5>\n                                                                <div\n                                                                        class=\"project-category\"><\/div>\n                                                            <\/div>\n                                                        <\/a>\n                                                    <\/div>\n\n\t\t\t\t\t\t\t\t\t\t\t\t\n                                                    <div class=\"col-project-box col-sm-6 col-md-4 col-lg-3\">\n                                                        <a href=\"https:\/\/josemorito.com\/gestion-de-proyectos-de-edificacion\/\" class=\"project-box\">\n                                                            <div class=\"project-box-inner\">\n                                                                <h5>GESTI\u00d3N DE PROYECTOS DE EDIFICACI\u00d3N<\/h5>\n                                                                <div\n                                                                        class=\"project-category\"><\/div>\n                                                            <\/div>\n                                                        <\/a>\n                                                    <\/div>\n\n\t\t\t\t\t\t\t\t\t\t\t\t\n                                                    <div class=\"col-project-box col-sm-6 col-md-4 col-lg-3\">\n                                                        <a href=\"https:\/\/josemorito.com\/asesoramiento-tecnico\/\" class=\"project-box\">\n                                                            <div class=\"project-box-inner\">\n                                                                <h5>ASESORAMIENTO T\u00c9CNICO<\/h5>\n                                                                <div\n                                                                        class=\"project-category\"><\/div>\n                                                            <\/div>\n                                                        <\/a>\n                                                    <\/div>\n\n\t\t\t\t\t\t\t\t\t\t\t\t                                        <\/div>\n                                        <a href=\" \" class=\"h5 link-arrow text-white\"> <i class=\"icon icon-chevron-right\"><\/i><\/a>\n                                    <\/div>\n                                <\/div>\n                            <\/div>\n                        <\/div>\n                    <\/div>\n                <\/div>\n            <\/div>\n        <\/div>\n        <\/div>\n        <\/div>\n\n\t\t\n    <div class=\"pp-scrollable text-white section section-5   \"  id=\"sobremihome\"  >\n        <div class=\"scroll-wrap\">\n\t\t\t                <div class=\"section-bg\" style=\"background-image:url(https:\/\/josemorito.com\/wp-content\/uploads\/2023\/10\/bg-sobremi.jpg);\"><\/div>\n\t\t\t\t\n            <div class=\"scrollable-content\">\n                <div class=\"vertical-centred\">\n                    <div class=\"boxed boxed-inner\">\n                        <div class=\"vertical-title hidden-xs hidden-sm\">\n\t\t\t\t\t\t\t<span>Sobre m\u00ed<\/span><\/div>\n                        <div class=\"boxed\">\n                            <div class=\"container\">\n                                <div class=\"intro\">\n                                    <div class=\"row\">\n                                        <div class=\"col-md-6 col-lg-5\">\n                                            <span class=\"icon-quote ion-quote\"><\/span>\n                                            <h2 class=\"title-uppercase text-white\">EXPERIENCE+INTEGRITY+ COMMITMENT+INNOVATION<\/h2>\n                                        <\/div>\n                                        <div class=\"col-md-5 col-lg-5  col-md-offset-1 col-lg-offset-2\">\n                                            <div class=\"review-carousel owl-carousel\">\n\t\t\t\t\t\t\t\t\t\t\t\t                                                            <div class=\"review-carousel-item\">\n                                                                <div class=\"text\">\n\t\t\t\t\t\t\t\t\t\t\t\t\t\t\t\t\tComo asesor t\u00e9cnico desde hace m\u00e1s de 12 a\u00f1os y conocedor de la costa del sol, sobretodo de la ciudad de Marbella, soy consciente de que el asesoramiento t\u00e9cnico antes de afrontar un proyecto de urbanismo o construcci\u00f3n es esencial, ya que puede ahorrar muchos costes y quebraderos de cabeza. Si est\u00e1s pensando en iniciar un proyecto, necesitas asesoramiento t\u00e9cnico, licencia de apertura o cualquier tipo de certificado t\u00e9cnico\u2026                                                                <\/div>\n                                                                <div class=\"review-author\">\n                                                                    <div\n                                                                            class=\"author-name\">David &amp; Elisa<\/div>\n                                                                    <i>Apartment view lake at Brooklyn<\/i>\n                                                                <\/div>\n                                                            <\/div>\n\t\t\t\t\t\t\t\t\t\t\t\t\t\t                                            <\/div>\n                                        <\/div>\n                                    <\/div>\n                                <\/div>\n                            <\/div>\n                        <\/div>\n                    <\/div>\n                <\/div>\n            <\/div>\n        <\/div>\n    <\/div>\n\t\n\n    <div class=\"pp-scrollable section section-6   \"  >\n        <div class=\"scroll-wrap\">\n            <div class=\"scrollable-content\">\n                <div class=\"vertical-centred\">\n                    <div class=\"boxed boxed-inner\">\n                        <div\n                                class=\"vertical-title text-dark hidden-xs hidden-sm\"><span>Contacta conmigo<\/span><\/div>\n                        <div class=\"boxed\">\n                            <div class=\"container\">\n                                <div class=\"intro overflow-hidden\">\n                                    <div class=\"row\">\n                                        <div class=\"col-md-12\">\n                                            <h2 class=\"title-uppercase\">Let&#039;s have a coffee and discuss your project?<\/h2>\n\n\t\t\t\t\t\t\t\t\t\t\t\n\n\t\t\t\t\t\t\t\t\t\t\t                                                <div class=\"contact-info\">\n\n                                                    <div class=\"row-contact-info row\">\n\t\t\t\t\t\t\t\t\t\t\t\t\t\t\n\n                                                                <div class=\"col-contact-info col-md-6 col-lg-4\">\n                                                                    <div class=\"row\">\n                                                                        <h3 class=\"col-sm-3 col-md-4\">    <p style=\"color: #009bdb\">ESCR\u00cdBEME<\/p><\/h3>\n                                                                        <div\n                                                                                class=\"col-right col-sm-8 col-md-7 col-sm-offset-1 col-md-offset-1\">\n\n\t\t\t\t\t\t\t\t\t\t\t\t\t\t\t\t\t\t\t\n                                                                                    <div\n                                                                                            class=\"contact-info-row col-sm-6 col-md-12\">\n\n\t\t\t\t\t\t\t\t\t\t\t\t\t\t\t\t\t\t\t\t\t\t                                                                                            <strong\n                                                                                                    class=\"text-dark\">EMAIL DE OFICINA<\/strong><br>\n\t\t\t\t\t\t\t\t\t\t\t\t\t\t\t\t\t\t\t\t\t\t\n\t\t\t\t\t\t\t\t\t\t\t\t\t\t\t\t\t\t\t\t\t\t<a href=\"mailto:jmm@josemorito.com\">jmm@josemorito.com<\/a>\n                                                                                    <\/div>\n\n\t\t\t\t\t\t\t\t\t\t\t\t\t\t\t\t\t\t\t\t                                                                        <\/div>\n                                                                    <\/div>\n                                                                <\/div>\n\n\t\t\t\t\t\t\t\t\t\t\t\t\t\t\t\n\n                                                                <div class=\"col-contact-info col-md-6 col-lg-4\">\n                                                                    <div class=\"row\">\n                                                                        <h3 class=\"col-sm-3 col-md-4\">    <p style=\"color: #009bdb\">LL\u00c1MAME<\/p><\/h3>\n                                                                        <div\n                                                                                class=\"col-right col-sm-8 col-md-7 col-sm-offset-1 col-md-offset-1\">\n\n\t\t\t\t\t\t\t\t\t\t\t\t\t\t\t\t\t\t\t\n                                                                                    <div\n                                                                                            class=\"contact-info-row col-sm-6 col-md-12\">\n\n\t\t\t\t\t\t\t\t\t\t\t\t\t\t\t\t\t\t\t\t\t\t                                                                                            <strong\n                                                                                                    class=\"text-dark\">Tel\u00e9fono de oficina<\/strong><br>\n\t\t\t\t\t\t\t\t\t\t\t\t\t\t\t\t\t\t\t\t\t\t\n\t\t\t\t\t\t\t\t\t\t\t\t\t\t\t\t\t\t\t\t\t\t+34 687 90 80 53                                                                                    <\/div>\n\n\t\t\t\t\t\t\t\t\t\t\t\t\t\t\t\t\t\t\t\t                                                                        <\/div>\n                                                                    <\/div>\n                                                                <\/div>\n\n\t\t\t\t\t\t\t\t\t\t\t\t\t\t\t\n\n                                                                <div class=\"col-contact-info col-md-6 col-lg-4\">\n                                                                    <div class=\"row\">\n                                                                        <h3 class=\"col-sm-3 col-md-4\">    <p style=\"color: #009bdb\">VIS\u00cdTAME<\/p><\/h3>\n                                                                        <div\n                                                                                class=\"col-right col-sm-8 col-md-7 col-sm-offset-1 col-md-offset-1\">\n\n\t\t\t\t\t\t\t\t\t\t\t\t\t\t\t\t\t\t\t\n                                                                                    <div\n                                                                                            class=\"contact-info-row col-sm-6 col-md-12\">\n\n\t\t\t\t\t\t\t\t\t\t\t\t\t\t\t\t\t\t\t\t\t\t\n\t\t\t\t\t\t\t\t\t\t\t\t\t\t\t\t\t\t\t\t\t\tC\/Carlos Mackintosh n\u00ba3, Edificio Puerta del Mar, Oficina 7A 29602                                                                                    <\/div>\n\n\t\t\t\t\t\t\t\t\t\t\t\t\t\t\t\t\t\t\t\t                                                                        <\/div>\n                                                                    <\/div>\n                                                                <\/div>\n\n\t\t\t\t\t\t\t\t\t\t\t\t\t\t\t\n                                                    <\/div>\n\n                                                <\/div>\n\t\t\t\t\t\t\t\t\t\t\t\n                                        <\/div>\n                                    <\/div>\n                                <\/div>\n                            <\/div>\n                        <\/div>\n                    <\/div>\n                <\/div>\n            <\/div>\n        <\/div>\n    <\/div>\n\n\t[\/vc_column][\/vc_row][vc_row][vc_column][\/vc_column][\/vc_row]<\/p>\n<\/div>","protected":false},"excerpt":{"rendered":"<p>[\/vc_row]<\/p>\n","protected":false},"author":2,"featured_media":1380,"parent":0,"menu_order":0,"comment_status":"closed","ping_status":"closed","template":"template-fullpage.php","meta":{"footnotes":"","_joinchat":[]},"_links":{"self":[{"href":"https:\/\/josemorito.com\/en\/wp-json\/wp\/v2\/pages\/1378"}],"collection":[{"href":"https:\/\/josemorito.com\/en\/wp-json\/wp\/v2\/pages"}],"about":[{"href":"https:\/\/josemorito.com\/en\/wp-json\/wp\/v2\/types\/page"}],"author":[{"embeddable":true,"href":"https:\/\/josemorito.com\/en\/wp-json\/wp\/v2\/users\/2"}],"replies":[{"embeddable":true,"href":"https:\/\/josemorito.com\/en\/wp-json\/wp\/v2\/comments?post=1378"}],"version-history":[{"count":0,"href":"https:\/\/josemorito.com\/en\/wp-json\/wp\/v2\/pages\/1378\/revisions"}],"wp:featuredmedia":[{"embeddable":true,"href":"https:\/\/josemorito.com\/en\/wp-json\/wp\/v2\/media\/1380"}],"wp:attachment":[{"href":"https:\/\/josemorito.com\/en\/wp-json\/wp\/v2\/media?parent=1378"}],"curies":[{"name":"wp","href":"https:\/\/api.w.org\/{rel}","templated":true}]}}