{"id":1415,"date":"2018-07-02T08:10:42","date_gmt":"2018-07-02T08:10:42","guid":{"rendered":"https:\/\/josemorito.com\/quien-soy\/"},"modified":"2024-06-28T10:39:23","modified_gmt":"2024-06-28T08:39:23","slug":"about-me","status":"publish","type":"page","link":"https:\/\/josemorito.com\/en\/about-me\/","title":{"rendered":"Who I am"},"content":{"rendered":"<div class=\"wpb-content-wrapper\"><p>[vc_row css=&#8221;.vc_custom_1530519093661{padding-bottom: 100px !important;}&#8221;][vc_column]\n\n    <main\n            class=\"page-header-3 \"  >\n        <div class=\"container\">\n            <div class=\"row\">\n                <div class=\"col-md-3\">\n                    <div class=\"title-hr\"><\/div>\n                <\/div>\n                <div class=\"col-md-8 col-lg-6\"><h1>Trust is the firm hope you have for someone or something.<\/h1><\/div>\n            <\/div>\n        <\/div>\n    <\/main>\n\t\n\n    <div class=\"content-entry-image vc_custom_1530518876441 \"  ><\/div>\n\n\t\n\n    <section\n            class=\"section about-info   \"  id=\"pagconoceme\"   >\n        <div class=\"container\">\n            <div class=\"row\">\n                <div class=\"col-md-3\">\n                    <div class=\"section-info\">\n                        <div class=\"title-hr\"><\/div>\n                        <div class=\"info-title\">Con\u00f3ceme mejor<\/div>\n                    <\/div>\n                <\/div>\n                <div class=\"col-md-9\">\n                    <div class=\"text-display-1\">\n                        <p>\n\t\t\t\t\t\t\t<\/p>\n<p style=\"text-align: justify;\"><strong>Mi nombre es Jose Morito, Arquitecto T\u00e9cnico y natural de Marbella,<\/strong> donde adem\u00e1s tengo la suerte de residir y ejercer mi profesi\u00f3n.<br \/>\nSiempre he apostado por una buena formaci\u00f3n personal, fui graduado por la Universidad de Granada y complet\u00e9 mi formaci\u00f3n en Oxford, Reino Unido. Durante un tiempo, compatibilic\u00e9\u00a0 mi formaci\u00f3n con trabajos en diferentes sectores, emprend\u00ed nuevos negocios y resid\u00ed en el extranjero, lo que reforz\u00f3 mi vocaci\u00f3n de servicio hacia los dem\u00e1s, al comprobar por m\u00ed mismo lo necesario que es tener a una persona de confianza, que adem\u00e1s te asesore adecuadamente en tus nuevos proyectos algo que se hace a\u00fan m\u00e1s indispensable cuando no est\u00e1s en tu pa\u00eds o en tu zona de confort.<\/p>\n<p style=\"text-align: justify;\">Soy Arquitecto T\u00e9cnico con una profunda pasi\u00f3n por la excelencia en los detalles y la construcci\u00f3n. Mi enfoque se centra en la ejecuci\u00f3n de espacios que no solo sean est\u00e9ticamente impresionantes, sino tambi\u00e9n funcionales y sostenibles<em>. <\/em><\/p>\n<p style=\"text-align: justify;\">Con una trayectoria de m\u00e1s de 15 a\u00f1os en la gesti\u00f3n de proyectos, he liderado la ejecuci\u00f3n exitosa de m\u00faltiples proyectos, desde residencias de alto standing hasta desarrollos comerciales. Mi experiencia t\u00e9cnica se combina con un compromiso constante con los est\u00e1ndares m\u00e1s elevados en el sector de la Arquitectura.<\/p>\n<p style=\"text-align: justify;\">Considero que la honestidad es la base de cualquier relaci\u00f3n profesional, es por ello que mi enfoque transparente se refleja en cada interacci\u00f3n con mis clientes. Creo en establecer una comunicaci\u00f3n abierta y honesta, trabajando en estrecha colaboraci\u00f3n para traducir sus visiones en realidad. Mi flexibilidad para adaptarme a las necesidades cambiantes del cliente y colaborar eficazmente con otros profesionales en el campo me ha permitido construir relaciones s\u00f3lidas y lograr resultados excepcionales. Enfocando cada proyecto como \u00fanico, y defendiendo siempre la calidad, la sostenibilidad y la integraci\u00f3n innovadora de soluciones, garantizando que en cada proyecto no solo se cumplan, sino que se superen las expectativas.<\/p>\n<p style=\"text-align: justify;\">Es una enorme motivaci\u00f3n para mi contribuir al mundo de la arquitectura y construcci\u00f3n. Adem\u00e1s, tengo la suerte de trabajar con algunos de los mejores arquitectos de su generaci\u00f3n, creando proyectos que inspiran y que perdurar\u00e1n en el tiempo. Siendo un hombre de integridad y compromiso, estoy aqu\u00ed para ayudarte a llevar tu proyecto a buen t\u00e9rmino<em>,\u00a0<\/em>por este motivo te invito a que sigas leyendo y descubras en qu\u00e9 puedo ayudarte.<\/p>\n<p>[vc_btn title=&#8221;Shall we start your project? Contact me WITHOUT COMMITMENT.&#8221; style=&#8221;flat&#8221; shape=&#8221;square&#8221; color=&#8221;sky&#8221; size=&#8221;lg&#8221; align=&#8221;center&#8221; button_block=&#8221;true&#8221; link=&#8221;url:https%3A%2F%2Fjosemorito.com%2Fen%2Fcontact%2F|&#8221;]\n\n                    <\/div>\n                <\/div>\n            <\/div>\n        <\/div>\n    <\/section>\n\n\t[\/vc_column][\/vc_row]<\/p>\n<\/div>","protected":false},"excerpt":{"rendered":"<p>[\/vc_row]<\/p>\n","protected":false},"author":2,"featured_media":2449,"parent":0,"menu_order":0,"comment_status":"closed","ping_status":"closed","template":"template-contacts.php","meta":{"footnotes":"","_joinchat":[]},"_links":{"self":[{"href":"https:\/\/josemorito.com\/en\/wp-json\/wp\/v2\/pages\/1415"}],"collection":[{"href":"https:\/\/josemorito.com\/en\/wp-json\/wp\/v2\/pages"}],"about":[{"href":"https:\/\/josemorito.com\/en\/wp-json\/wp\/v2\/types\/page"}],"author":[{"embeddable":true,"href":"https:\/\/josemorito.com\/en\/wp-json\/wp\/v2\/users\/2"}],"replies":[{"embeddable":true,"href":"https:\/\/josemorito.com\/en\/wp-json\/wp\/v2\/comments?post=1415"}],"version-history":[{"count":0,"href":"https:\/\/josemorito.com\/en\/wp-json\/wp\/v2\/pages\/1415\/revisions"}],"wp:featuredmedia":[{"embeddable":true,"href":"https:\/\/josemorito.com\/en\/wp-json\/wp\/v2\/media\/2449"}],"wp:attachment":[{"href":"https:\/\/josemorito.com\/en\/wp-json\/wp\/v2\/media?parent=1415"}],"curies":[{"name":"wp","href":"https:\/\/api.w.org\/{rel}","templated":true}]}}