{"id":2147,"date":"2023-07-27T11:13:39","date_gmt":"2023-07-27T09:13:39","guid":{"rendered":"https:\/\/josemorito.com\/asesoramiento-urbanistico\/"},"modified":"2024-01-11T14:20:53","modified_gmt":"2024-01-11T12:20:53","slug":"urban-advice","status":"publish","type":"page","link":"https:\/\/josemorito.com\/en\/urban-advice\/","title":{"rendered":"Urban Planning Advice"},"content":{"rendered":"<div class=\"wpb-content-wrapper\"><p>[vc_row][vc_column offset=&#8221;vc_hidden-sm vc_hidden-xs&#8221;]\n\n    <div\n            class=\"pp-scrollable section section-20   \"  >\n        <div class=\"scroll-wrap \">\n\n\n            <!-- Start revolution slider -->\n\n            <div class=\"rev_slider_wrapper\">\n                <div id=\"rev_slider\" class=\"rev_slider tp-overflow-hidden fullscreenbanner\">\n\n\n\t\t\t\t\t<link href=\"https:\/\/fonts.googleapis.com\/css?family=Poppins:700%2C400%2C500\" rel=\"stylesheet\" property=\"stylesheet\" type=\"text\/css\" media=\"all\">\n<div id=\"rev_slider_14_1_wrapper\" class=\"rev_slider_wrapper fullwidthbanner-container\" data-source=\"gallery\" style=\"margin:0px auto;background:transparent;padding:0px;margin-top:0px;margin-bottom:0px;\">\n<!-- START REVOLUTION SLIDER 5.4.7.2 fullwidth mode -->\n\t<div id=\"rev_slider_14_1\" class=\"rev_slider fullwidthabanner\" style=\"display:none;\" data-version=\"5.4.7.2\">\n<ul>\t<!-- SLIDE  -->\n\t<li data-index=\"rs-37\" data-transition=\"slideleft\" data-slotamount=\"7\" data-hideafterloop=\"0\" data-hideslideonmobile=\"on\"  data-easein=\"default\" data-easeout=\"default\" data-masterspeed=\"1200\"  data-delay=\"7000\"  data-rotate=\"0\"  data-saveperformance=\"off\"  data-title=\"Slide\" data-param1=\"\" data-param2=\"\" data-param3=\"\" data-param4=\"\" data-param5=\"\" data-param6=\"\" data-param7=\"\" data-param8=\"\" data-param9=\"\" data-param10=\"\" data-description=\"\">\n\t\t<!-- MAIN IMAGE -->\n\t\t<img decoding=\"async\" src=\"https:\/\/josemorito.com\/wp-content\/uploads\/2017\/05\/cabecera2-asesoramiento-urbanistico.jpg\"  alt=\"asesoramiento-urbanistico\" title=\"asesoramiento-urbanistico\"  width=\"1920\" height=\"1079\" data-bgposition=\"center center\" data-bgfit=\"cover\" data-bgrepeat=\"no-repeat\" class=\"rev-slidebg\" data-no-retina>\n\t\t<!-- LAYERS -->\n\n\t\t<!-- LAYER NR. 1 -->\n\t\t<div class=\"tp-caption tp-shape tp-shapewrapper  tp-resizeme\" \n\t\t\t id=\"slide-37-layer-1\" \n\t\t\t data-x=\"['left','left','center','center']\" data-hoffset=\"['83','83','0','0']\" \n\t\t\t data-y=\"['top','top','top','top']\" data-voffset=\"['-22','-22','85','0']\" \n\t\t\t\t\t\tdata-width=\"['470','470','523','498']\"\n\t\t\tdata-height=\"['580','580','557','643']\"\n\t\t\tdata-whitespace=\"nowrap\"\n \n\t\t\tdata-type=\"shape\" \n\t\t\tdata-responsive_offset=\"on\" \n\n\t\t\tdata-frames='[{\"delay\":10,\"speed\":300,\"frame\":\"0\",\"from\":\"opacity:0;\",\"to\":\"o:1;\",\"ease\":\"Power3.easeInOut\"},{\"delay\":\"wait\",\"speed\":300,\"frame\":\"999\",\"to\":\"opacity:0;\",\"ease\":\"Power3.easeInOut\"}]'\n\t\t\tdata-textAlign=\"['inherit','inherit','inherit','inherit']\"\n\t\t\tdata-paddingtop=\"[0,0,0,0]\"\n\t\t\tdata-paddingright=\"[0,0,0,0]\"\n\t\t\tdata-paddingbottom=\"[0,0,0,0]\"\n\t\t\tdata-paddingleft=\"[0,0,0,0]\"\n\n\t\t\tstyle=\"z-index: 5;background-color:rgb(255,255,255);\"> <\/div>\n\n\t\t<!-- LAYER NR. 2 -->\n\t\t<h1 class=\"tp-caption   tp-resizeme\" \n\t\t\t id=\"slide-37-layer-2\" \n\t\t\t data-x=\"['left','left','center','center']\" data-hoffset=\"['124','124','0','0']\" \n\t\t\t data-y=\"['top','top','top','top']\" data-voffset=\"['20','20','129','92']\" \n\t\t\t\t\t\tdata-lineheight=\"['35','35','35','40']\"\n\t\t\tdata-width=\"none\"\n\t\t\tdata-height=\"none\"\n\t\t\tdata-whitespace=\"nowrap\"\n \n\t\t\tdata-type=\"text\" \n\t\t\tdata-responsive_offset=\"on\" \n\n\t\t\tdata-frames='[{\"delay\":10,\"speed\":300,\"frame\":\"0\",\"from\":\"opacity:0;\",\"to\":\"o:1;\",\"ease\":\"Power3.easeInOut\"},{\"delay\":\"wait\",\"speed\":300,\"frame\":\"999\",\"to\":\"opacity:0;\",\"ease\":\"Power3.easeInOut\"}]'\n\t\t\tdata-textAlign=\"['inherit','inherit','center','center']\"\n\t\t\tdata-paddingtop=\"[0,0,0,0]\"\n\t\t\tdata-paddingright=\"[0,0,0,0]\"\n\t\t\tdata-paddingbottom=\"[0,0,0,0]\"\n\t\t\tdata-paddingleft=\"[0,0,0,0]\"\n\n\t\t\tstyle=\"z-index: 6; white-space: nowrap; font-size: 35px; line-height: 35px; font-weight: 700; color: #333333; letter-spacing: 0px;font-family:Poppins;\">ASESORAMIENTO<br> URBAN\u00cdSTICO\n <\/h1>\n\n\t\t<!-- LAYER NR. 3 -->\n\t\t<div class=\"tp-caption   tp-resizeme\" \n\t\t\t id=\"slide-37-layer-3\" \n\t\t\t data-x=\"['left','left','center','center']\" data-hoffset=\"['126','126','0','0']\" \n\t\t\t data-y=\"['top','top','top','top']\" data-voffset=\"['143','143','248','209']\" \n\t\t\t\t\t\tdata-fontsize=\"['14','14','14','15']\"\n\t\t\tdata-width=\"none\"\n\t\t\tdata-height=\"none\"\n\t\t\tdata-whitespace=\"nowrap\"\n \n\t\t\tdata-type=\"text\" \n\t\t\tdata-responsive_offset=\"on\" \n\n\t\t\tdata-frames='[{\"delay\":10,\"speed\":300,\"frame\":\"0\",\"from\":\"opacity:0;\",\"to\":\"o:1;\",\"ease\":\"Power3.easeInOut\"},{\"delay\":\"wait\",\"speed\":300,\"frame\":\"999\",\"to\":\"opacity:0;\",\"ease\":\"Power3.easeInOut\"}]'\n\t\t\tdata-textAlign=\"['inherit','inherit','center','center']\"\n\t\t\tdata-paddingtop=\"[0,0,0,0]\"\n\t\t\tdata-paddingright=\"[0,0,0,0]\"\n\t\t\tdata-paddingbottom=\"[0,0,0,0]\"\n\t\t\tdata-paddingleft=\"[0,0,0,0]\"\n\n\t\t\tstyle=\"z-index: 7; white-space: nowrap; font-size: 14px; line-height: 25px; font-weight: 400; color: #353535; letter-spacing: 0px;font-family:Poppins;\">El Urbanismo es una disciplina muy amplia, y a veces<br> compleja, por lo que es recomendable ponerse en<br> manos de profesionales para desarrollar cualquier<br> actividad relacionada con ella. Desde la solicitud de<br> una licencia de obras, hasta un expediente de<br> infracci\u00f3n urban\u00edstica o de reposici\u00f3n de la realidad<br> f\u00edsica alterada.\n <\/div>\n\n\t\t<!-- LAYER NR. 4 -->\n\t\t<h3 class=\"tp-caption   tp-resizeme\" \n\t\t\t id=\"slide-37-layer-5\" \n\t\t\t data-x=\"['left','left','center','center']\" data-hoffset=\"['126','126','0','0']\" \n\t\t\t data-y=\"['top','top','top','top']\" data-voffset=\"['304','304','396','334']\" \n\t\t\t\t\t\tdata-fontsize=\"['14','14','14','15']\"\n\t\t\tdata-width=\"none\"\n\t\t\tdata-height=\"none\"\n\t\t\tdata-whitespace=\"nowrap\"\n \n\t\t\tdata-type=\"text\" \n\t\t\tdata-responsive_offset=\"on\" \n\n\t\t\tdata-frames='[{\"delay\":10,\"speed\":300,\"frame\":\"0\",\"from\":\"opacity:0;\",\"to\":\"o:1;\",\"ease\":\"Power3.easeInOut\"},{\"delay\":\"wait\",\"speed\":300,\"frame\":\"999\",\"to\":\"opacity:0;\",\"ease\":\"Power3.easeInOut\"}]'\n\t\t\tdata-textAlign=\"['inherit','inherit','center','center']\"\n\t\t\tdata-paddingtop=\"[0,0,0,0]\"\n\t\t\tdata-paddingright=\"[0,0,0,0]\"\n\t\t\tdata-paddingbottom=\"[0,0,0,0]\"\n\t\t\tdata-paddingleft=\"[0,0,0,0]\"\n\n\t\t\tstyle=\"z-index: 8; white-space: nowrap; font-size: 14px; line-height: 25px; font-weight: 400; color: #353535; letter-spacing: 0px;font-family:Poppins;\">En el urbanismo, s\u00f3lo hay un camino, que es hacer<br> las cosas bien hechas.  Es por ello te invito a contactar<br> conmigo para darte un asesoramiento profesional<br> e independiente en cuestiones urban\u00edsticas\n\n <\/h3>\n\n\t\t<!-- LAYER NR. 5 -->\n\t\t<div class=\"tp-caption rev-btn \" \n\t\t\t id=\"slide-37-layer-7\" \n\t\t\t data-x=\"['left','left','center','center']\" data-hoffset=\"['125','125','0','0']\" \n\t\t\t data-y=\"['top','top','top','top']\" data-voffset=\"['467','467','552','478']\" \n\t\t\t\t\t\tdata-fontsize=\"['15','15','12','20']\"\n\t\t\tdata-width=\"none\"\n\t\t\tdata-height=\"none\"\n\t\t\tdata-whitespace=\"nowrap\"\n \n\t\t\tdata-type=\"button\" \n\t\t\tdata-actions='[{\"event\":\"click\",\"action\":\"simplelink\",\"target\":\"_self\",\"url\":\"#contacto\",\"delay\":\"\"}]'\n\t\t\tdata-responsive_offset=\"on\" \n\t\t\tdata-responsive=\"off\"\n\t\t\tdata-frames='[{\"delay\":10,\"speed\":300,\"frame\":\"0\",\"from\":\"opacity:0;\",\"to\":\"o:1;\",\"ease\":\"Power3.easeInOut\"},{\"delay\":\"wait\",\"speed\":300,\"frame\":\"999\",\"to\":\"opacity:0;\",\"ease\":\"Power3.easeInOut\"},{\"frame\":\"hover\",\"speed\":\"0\",\"ease\":\"Linear.easeNone\",\"to\":\"o:1;rX:0;rY:0;rZ:0;z:0;\",\"style\":\"c:rgb(255,255,255);bg:rgb(90,161,226);bs:solid;bw:0 0 0 0;\"}]'\n\t\t\tdata-textAlign=\"['inherit','inherit','inherit','center']\"\n\t\t\tdata-paddingtop=\"[15,15,15,15]\"\n\t\t\tdata-paddingright=\"[20,20,20,15]\"\n\t\t\tdata-paddingbottom=\"[15,15,15,15]\"\n\t\t\tdata-paddingleft=\"[20,20,20,15]\"\n\n\t\t\tstyle=\"z-index: 9; white-space: nowrap; font-size: 15px; line-height: 12px; font-weight: 500; color: rgba(255,255,255,1); letter-spacing: px;font-family:Poppins;background-color:rgba(0,117,226,0.75);border-color:rgba(0,0,0,1);outline:none;box-shadow:none;box-sizing:border-box;-moz-box-sizing:border-box;-webkit-box-sizing:border-box;cursor:pointer;\">Contacta comigo <\/div>\n\t<\/li>\n<\/ul>\n<div class=\"tp-bannertimer tp-bottom\" style=\"visibility: hidden !important;\"><\/div>\t<\/div>\n<script>var htmlDiv = document.getElementById(\"rs-plugin-settings-inline-css\"); var htmlDivCss=\"\";\r\n\t\t\t\tif(htmlDiv) {\r\n\t\t\t\t\thtmlDiv.innerHTML = htmlDiv.innerHTML + htmlDivCss;\r\n\t\t\t\t}else{\r\n\t\t\t\t\tvar htmlDiv = document.createElement(\"div\");\r\n\t\t\t\t\thtmlDiv.innerHTML = \"<style>\" + htmlDivCss + \"<\/style>\";\r\n\t\t\t\t\tdocument.getElementsByTagName(\"head\")[0].appendChild(htmlDiv.childNodes[0]);\r\n\t\t\t\t}\r\n\t\t\t<\/script>\n\t\t<script type=\"text\/javascript\">\r\nif (setREVStartSize!==undefined) setREVStartSize(\r\n\t{c: '#rev_slider_14_1', responsiveLevels: [2048,2048,1260,992], gridwidth: [1370,1370,900,450], gridheight: [550,550,700,642], sliderLayout: 'fullwidth'});\r\n\t\t\t\r\nvar revapi14,\r\n\ttpj;\t\r\n(function() {\t\t\t\r\n\tif (!\/loaded|interactive|complete\/.test(document.readyState)) document.addEventListener(\"DOMContentLoaded\",onLoad); else onLoad();\t\r\n\tfunction onLoad() {\t\t\t\t\r\n\t\tif (tpj===undefined) { tpj = jQuery; if(\"off\" == \"on\") tpj.noConflict();}\r\n\tif(tpj(\"#rev_slider_14_1\").revolution == undefined){\n\t\trevslider_showDoubleJqueryError(\"#rev_slider_14_1\");\n\t}else{\n\t\trevapi14 = tpj(\"#rev_slider_14_1\").show().revolution({\n\t\t\tsliderType:\"hero\",\n\t\t\tjsFileLocation:\"\/\/josemorito.com\/wp-content\/plugins\/revslider\/public\/assets\/js\/\",\n\t\t\tsliderLayout:\"fullwidth\",\n\t\t\tdottedOverlay:\"none\",\n\t\t\tdelay:7000,\n\t\t\tresponsiveLevels:[2048,2048,1260,992],\n\t\t\tvisibilityLevels:[2048,2048,1260,992],\n\t\t\tgridwidth:[1370,1370,900,450],\n\t\t\tgridheight:[550,550,700,642],\n\t\t\tlazyType:\"none\",\n\t\t\tshadow:0,\n\t\t\tspinner:\"off\",\n\t\t\tautoHeight:\"on\",\n\t\t\tdisableProgressBar:\"on\",\n\t\t\thideThumbsOnMobile:\"off\",\n\t\t\thideSliderAtLimit:0,\n\t\t\thideCaptionAtLimit:0,\n\t\t\thideAllCaptionAtLilmit:0,\n\t\t\tdebugMode:false,\n\t\t\tfallbacks: {\n\t\t\t\tsimplifyAll:\"off\",\n\t\t\t\tdisableFocusListener:false,\n\t\t\t}\n\t\t});\nvar slider = revapi14;\n\njQuery('.slider-prev').on('click', function () {\n    slider.revprev();\n});\njQuery('.slider-next').on('click', function () {\n    slider.revnext();\n});\n\n\nvar api = slider;\n\n\nvar divider = ' \/ ',\n    totalSlides,\n    numberText;\n\napi.one('revolution.slide.onloaded', function () {\n\n\n    jQuery('.slide-number').show();\n                    \n    totalSlides = api.revmaxslide();\n            ;\n    numberText = jQuery('.slide-number .total-count').text(addZero(totalSlides));\n\n    api.on('revolution.slide.onchange', function (e, data) {\n        jQuery('.slide-number .count').text( addZero(data.slideIndex));\n\n\n    });\n\n});\t}; \/* END OF revapi call *\/\n\t\n }; \/* END OF ON LOAD FUNCTION *\/\r\n}()); \/* END OF WRAPPING FUNCTION *\/\r\n<\/script>\r\n\t\t<\/div><!-- END REVOLUTION SLIDER -->                <\/div>\n            <\/div>\n\n        <\/div>\n    <\/div>\n\t[\/vc_column][\/vc_row][vc_row css=&#8221;.vc_custom_1529924532818{padding-top: 100px !important;padding-bottom: 100px !important;}&#8221;][vc_column width=&#8221;1\/4&#8243;][\/vc_column][vc_column width=&#8221;1\/2&#8243;][vc_column_text]<\/p>\n<div class=\"entry-content\">\n<h2 style=\"color: #333333; font-size: 3.428rem; text-align: justify;\">You will know that you need advice on urban planning because&#8230;<\/h2>\n<h4 class=\"entry-description\">Adequate advice on urban planning will avoid many unwanted situations, and will not delay the execution of the project.<\/h4>\n<p>Professional advice for individuals, promoters, companies, architects and lawyers for the granting and management of building permits, purchase and sale of real estate, urban situation reports, Marbella PGOU reports, and other services such as:<\/p>\n<div style=\"font-size: 1rem;\">\n<div><i class=\"fas fa-check\"><\/i> <strong>Legalization projects of works<\/strong><\/div>\n<div><i class=\"fas fa-check\"><\/i> <strong>Urban planning regularizations through Declaration of Assimilation to Outside Planning (AFO)<\/strong><\/div>\n<div><i class=\"fas fa-check\"><\/i> <strong>Occupancy and\/or use licenses<\/strong><\/div>\n<div><i class=\"fas fa-check\"><\/i> <strong>First occupation licenses.<\/strong><\/div>\n<div><i class=\"fas fa-check\"><\/i> <strong>Advice on Urban Discipline; sanctions, replacement of altered physical reality, etc.<\/strong><\/div>\n<div><i class=\"fas fa-check\"><\/i> <strong>Urban feasibility reports<br \/>\n<\/strong><\/div>\n<div><\/div>\n<\/div>\n<p>[vc_empty_space]<br \/>\n[vc_btn title=&#8221;Shall we start your project? Contact me WITHOUT COMMITMENT.&#8221; style=&#8221;flat&#8221; shape=&#8221;square&#8221; color=&#8221;sky&#8221; size=&#8221;lg&#8221; align=&#8221;center&#8221; button_block=&#8221;true&#8221; link=&#8221;url:https%3A%2F%2Fjosemorito.com%2Fen%2Fcontact%2F|&#8221;]<\/p>\n<div class=\"row-images row\">\n<div class=\"col-image col-sm-12\"><img decoding=\"async\" class=\"alignnone size-full wp-image-206\" src=\"https:\/\/josemorito.com\/wp-content\/uploads\/2018\/08\/foto1-asesoramiento-urbanistico.jpg\" alt=\"\" width=\"1170\" height=\"752\" title=\"\"><\/div>\n<div class=\"col-image col col-sm-6\"><img decoding=\"async\" class=\"alignnone size-full wp-image-207\" src=\"https:\/\/josemorito.com\/wp-content\/uploads\/2018\/08\/foto2-asesoramiento-urbanistico.jpg\" alt=\"\" width=\"570\" height=\"734\" title=\"\"><\/div>\n<div class=\"col-image col col-sm-6\"><img decoding=\"async\" class=\"alignnone size-full wp-image-208\" src=\"https:\/\/josemorito.com\/wp-content\/uploads\/2018\/08\/foto3-asesoramiento-urbanistico.jpg\" alt=\"\" width=\"570\" height=\"734\" title=\"\"><\/div>\n<\/div>\n<\/div>\n<p>[\/vc_column_text][vc_column_text]<\/p>\n<blockquote><p>Jose took care of managing all the permits related to my project, from the building license to the First Occupation License and documentation related to the registration of my home. Fast, efficient and close. Very happy!<\/p><\/blockquote>\n<p class=\"blockquote-cite\"><cite>Paz Mart\u00ednez. <\/cite>Particular<\/p>\n<p>[\/vc_column_text][\/vc_column][vc_column width=&#8221;1\/4&#8243;][\/vc_column][\/vc_row][vc_row css=&#8221;.vc_custom_1530262891569{padding-top: 100px !important;padding-bottom: 200px !important;background-color: #40b4e4 !important;background-position: 0 0 !important;background-repeat: no-repeat !important;}&#8221; el_id=&#8221;contact&#8221;][vc_column width=&#8221;1\/4&#8243;][\/vc_column][vc_column width=&#8221;1\/2&#8243;][vc_column_text]<\/p>\n<h3 style=\"text-align: center; color: #fff; font-size: 3rem;\">Talk later?<\/h3>\n<p style=\"text-align: center; color: #fdfdfd; font-size: 20px;\">Contact me for any questions. I will be happy to assist you and learn more about your project idea.<\/p>\n<p>[\/vc_column_text]\n<div class=\"wpcf7 no-js\" id=\"wpcf7-f1915-o1\" lang=\"en-US\" dir=\"ltr\">\n<div class=\"screen-reader-response\"><p role=\"status\" aria-live=\"polite\" aria-atomic=\"true\"><\/p> <ul><\/ul><\/div>\n<form action=\"\/en\/wp-json\/wp\/v2\/pages\/2147#wpcf7-f1915-o1\" method=\"post\" class=\"wpcf7-form init\" aria-label=\"Contact form\" novalidate=\"novalidate\" data-status=\"init\">\n<div style=\"display: none;\">\n<input type=\"hidden\" name=\"_wpcf7\" value=\"1915\" \/>\n<input type=\"hidden\" name=\"_wpcf7_version\" value=\"5.9.8\" \/>\n<input type=\"hidden\" name=\"_wpcf7_locale\" value=\"en_US\" \/>\n<input type=\"hidden\" name=\"_wpcf7_unit_tag\" value=\"wpcf7-f1915-o1\" \/>\n<input type=\"hidden\" name=\"_wpcf7_container_post\" value=\"0\" \/>\n<input type=\"hidden\" name=\"_wpcf7_posted_data_hash\" value=\"\" \/>\n<\/div>\n<div class=\"row\">\n\t<div class=\"form-group col-sm-6 col-lg-4\">\n\t\t<p><span class=\"wpcf7-form-control-wrap\" data-name=\"your-name\"><input size=\"40\" maxlength=\"400\" class=\"wpcf7-form-control wpcf7-text wpcf7-validates-as-required input-gray\" aria-required=\"true\" aria-invalid=\"false\" placeholder=\"Your name*\" value=\"\" type=\"text\" name=\"your-name\" \/><\/span>\n\t\t<\/p>\n\t<\/div>\n\t<div class=\"form-group col-sm-6 col-lg-4\">\n\t\t<p><span class=\"wpcf7-form-control-wrap\" data-name=\"email-264\"><input size=\"40\" maxlength=\"400\" class=\"wpcf7-form-control wpcf7-email wpcf7-validates-as-required wpcf7-text wpcf7-validates-as-email input-gray\" aria-required=\"true\" aria-invalid=\"false\" placeholder=\"Your email*\" value=\"\" type=\"email\" name=\"email-264\" \/><\/span> [honeypot email class:text-970]\n\t\t<\/p>\n\t<\/div>\n\t<div class=\"form-group col-sm-6 col-lg-4\">\n\t\t<p><span class=\"wpcf7-form-control-wrap\" data-name=\"tel-594\"><input size=\"40\" maxlength=\"400\" class=\"wpcf7-form-control wpcf7-tel wpcf7-validates-as-required wpcf7-text wpcf7-validates-as-tel input-gray\" aria-required=\"true\" aria-invalid=\"false\" placeholder=\"Telephone contact\" value=\"\" type=\"tel\" name=\"tel-594\" \/><\/span>\n\t\t<\/p>\n\t<\/div>\n\t<div class=\"form-group col-sm-12\">\n\t\t<p><span class=\"wpcf7-form-control-wrap\" data-name=\"mensaje\"><textarea cols=\"40\" rows=\"10\" maxlength=\"2000\" class=\"wpcf7-form-control wpcf7-textarea wpcf7-validates-as-required input-gray\" aria-required=\"true\" aria-invalid=\"false\" placeholder=\"What do you need?*\" name=\"mensaje\"><\/textarea><\/span>\n\t\t<\/p>\n\t<\/div>\n\t<div>\n\t\t<p><span style=\"color: #FFF\"><span class=\"wpcf7-form-control-wrap\" data-name=\"acepto-privacidad\"><span class=\"wpcf7-form-control wpcf7-acceptance\"><span class=\"wpcf7-list-item\"><input type=\"checkbox\" name=\"acepto-privacidad\" value=\"1\" aria-invalid=\"false\" \/><\/span><\/span><\/span> I have read and accept the<\/span><a href=\"https:\/\/josemorito.com\/privacy-policy\/?lang=en\" target=\"blank\" rel=\"nofollow\" style=\"color:#FFF; text-decoration:underline\">Privacy Policy<\/a>\n\t\t<\/p>\n\t<\/div>\n\t<div class=\"col-sm-12\">\n\t\t<p><input class=\"wpcf7-form-control wpcf7-submit has-spinner btn-upper btn-yellow btn\" type=\"submit\" value=\"Enviar mensaje\" \/>\n\t\t<\/p>\n\t<\/div>\n<\/div><div class=\"wpcf7-response-output\" aria-hidden=\"true\"><\/div>\n<\/form>\n<\/div>\n[\/vc_column][vc_column width=&#8221;1\/4&#8243;][\/vc_column][\/vc_row]<\/p>\n<\/div>","protected":false},"excerpt":{"rendered":"<p>[vc_column width=&#8221;1\/2&#8243;][vc_column_text] You will know that you need advice on urban planning because&#8230; Adequate advice on urban planning will avoid many unwanted situations, and will not delay the execution of the project. Professional advice for individuals, promoters, companies, architects and lawyers for the granting and management of [&hellip;]<\/p>\n","protected":false},"author":3,"featured_media":0,"parent":0,"menu_order":0,"comment_status":"closed","ping_status":"closed","template":"template-fullwidth.php","meta":{"footnotes":"","_joinchat":[]},"_links":{"self":[{"href":"https:\/\/josemorito.com\/en\/wp-json\/wp\/v2\/pages\/2147"}],"collection":[{"href":"https:\/\/josemorito.com\/en\/wp-json\/wp\/v2\/pages"}],"about":[{"href":"https:\/\/josemorito.com\/en\/wp-json\/wp\/v2\/types\/page"}],"author":[{"embeddable":true,"href":"https:\/\/josemorito.com\/en\/wp-json\/wp\/v2\/users\/3"}],"replies":[{"embeddable":true,"href":"https:\/\/josemorito.com\/en\/wp-json\/wp\/v2\/comments?post=2147"}],"version-history":[{"count":0,"href":"https:\/\/josemorito.com\/en\/wp-json\/wp\/v2\/pages\/2147\/revisions"}],"wp:attachment":[{"href":"https:\/\/josemorito.com\/en\/wp-json\/wp\/v2\/media?parent=2147"}],"curies":[{"name":"wp","href":"https:\/\/api.w.org\/{rel}","templated":true}]}}